{"id":1748,"date":"2014-03-27T12:12:29","date_gmt":"2014-03-27T12:12:29","guid":{"rendered":"http:\/\/www.deruiterzolder.nl\/wordpress\/?post_type=product&#038;p=1748"},"modified":"2020-02-06T13:41:11","modified_gmt":"2020-02-06T13:41:11","slug":"equimins-msm-cream-250-gr","status":"publish","type":"product","link":"https:\/\/www.deruiterzolder.nl\/?product=equimins-msm-cream-250-gr","title":{"rendered":"Equimins MSM Cream 250 gr"},"content":{"rendered":"<p>Een kalmerende antibacteri\u00eble cr\u00e8me, die alle voordelen van MSM, Alo\u00eb Vera, zink, ricinusolie en etherische oli\u00ebn van tea tree, lavendel, kamille en jojoba combineert om kleine huidaandoeningen te verzachten.\u00a0Een bijzonder nuttige barri\u00e8re in modderige omstandigheden en ook om de haargroei te bevorderen.<\/p>\n<p>\n<\/p>\n<p>Bij huidinfecties en irritaties, versnelt de haargroei bij wonden.<\/p>\n<p>\n<\/p>\n<p>\n<\/p>\n<p>Een verzachtende cr\u00e8me, waarbij de combinatie van alle goede eigenschappen van MSM, Alo\u00eb Vera, Zink, Wonderolie, Etherische oli\u00ebn, Lavendel, Kamille en Jojoba, het herstellend vermogen van de huid ondersteunen.<br \/>Beschermt de huid specifiek tegen de invloeden van modder.<\/p>\n<p>\n<\/p>\n<p>\n<\/p>\n<p>Niet aanbrengen op open wonden. ook verkrijgbaar 500 gr voor \u20ac 25,95<\/p>\n<p>\n<\/p>\n<p>\n<\/p>\n<p>Samenstelling:<br \/>MSM, Alo\u00eb Vera, Zink, Wonderolie, Etherische oli\u00ebn, Malaleuca alternifolia, Lavendel, Kamille en Jojoba<\/p>\n<p>\n<\/p>\n","protected":false},"excerpt":{"rendered":"<p>Een kalmerende antibacteri\u00eble cr\u00e8me, die alle voordelen van MSM, Alo\u00eb Vera, zink, ricinusolie en etherische oli\u00ebn van tea tree, lavendel, kamille en jojoba combineert om kleine huidaandoeningen te verzachten.\u00a0Een bijzonder nuttige barri\u00e8re in modderige omstandigheden en ook om de haargroei te bevorderen. Bij huidinfecties en irritaties, versnelt de haargroei bij wonden. Een verzachtende cr\u00e8me, waarbij&#8230;<\/p>\n<p class=\"more-link\"><a href=\"https:\/\/www.deruiterzolder.nl\/?product=equimins-msm-cream-250-gr\"><span>Read More<\/span><i>&#43;<\/i><\/a><\/p>\n","protected":false},"featured_media":1736,"comment_status":"open","ping_status":"closed","template":"","product_category":[16,25],"product_tag":[115],"class_list":["post-1748","product","type-product","status-publish","has-post-thumbnail","hentry","product_category-paard","product_category-verzorging","product_tag-equimins"],"_links":{"self":[{"href":"https:\/\/www.deruiterzolder.nl\/index.php?rest_route=\/wp\/v2\/product\/1748","targetHints":{"allow":["GET"]}}],"collection":[{"href":"https:\/\/www.deruiterzolder.nl\/index.php?rest_route=\/wp\/v2\/product"}],"about":[{"href":"https:\/\/www.deruiterzolder.nl\/index.php?rest_route=\/wp\/v2\/types\/product"}],"replies":[{"embeddable":true,"href":"https:\/\/www.deruiterzolder.nl\/index.php?rest_route=%2Fwp%2Fv2%2Fcomments&post=1748"}],"version-history":[{"count":5,"href":"https:\/\/www.deruiterzolder.nl\/index.php?rest_route=\/wp\/v2\/product\/1748\/revisions"}],"predecessor-version":[{"id":5515,"href":"https:\/\/www.deruiterzolder.nl\/index.php?rest_route=\/wp\/v2\/product\/1748\/revisions\/5515"}],"wp:featuredmedia":[{"embeddable":true,"href":"https:\/\/www.deruiterzolder.nl\/index.php?rest_route=\/wp\/v2\/media\/1736"}],"wp:attachment":[{"href":"https:\/\/www.deruiterzolder.nl\/index.php?rest_route=%2Fwp%2Fv2%2Fmedia&parent=1748"}],"wp:term":[{"taxonomy":"product_category","embeddable":true,"href":"https:\/\/www.deruiterzolder.nl\/index.php?rest_route=%2Fwp%2Fv2%2Fproduct_category&post=1748"},{"taxonomy":"product_tag","embeddable":true,"href":"https:\/\/www.deruiterzolder.nl\/index.php?rest_route=%2Fwp%2Fv2%2Fproduct_tag&post=1748"}],"curies":[{"name":"wp","href":"https:\/\/api.w.org\/{rel}","templated":true}]}}