{"id":7592,"date":"2023-05-13T10:43:06","date_gmt":"2023-05-13T10:43:06","guid":{"rendered":"https:\/\/www.deruiterzolder.nl\/?post_type=product&#038;p=7592"},"modified":"2025-01-10T13:46:54","modified_gmt":"2025-01-10T13:46:54","slug":"colosan-darmolie100ml","status":"publish","type":"product","link":"https:\/\/www.deruiterzolder.nl\/?product=colosan-darmolie100ml","title":{"rendered":"VitalStyle Colosan Darmolie100ml"},"content":{"rendered":"<p><\/p>\n<h2>ALLES OVER COLOSAN<\/h2>\n<h3>COLOSAN GEEFT DIRECT VERLICHTING BIJ KOLIEK EN GASOPHOPING<\/h3>\n<p>Heb je het vermoeden dat je paard koliek heeft? Geef Colosan van VITALstyle zodat je paard verlichting heeft en schakel je dierenarts in.<\/p>\n<h3>COLOSAN: KRAMPSTILLEND EN GASAFDRIJVEND<\/h3>\n<p>De natuurlijke werkzame stoffen in VITALstyle Colosan be\u00efnvloeden de spijsvertering op vele manieren. Zo verhelpen de essenti\u00eble oli\u00ebn cassiae en venkel maagklachten. Ook remmen de sterk geconcentreerde oli\u00ebn de groei van gistingsbacteri\u00ebn en gistingschimmel af. Hierdoor stopt ongecontroleerde en gistende activiteit in de maag en darmen snel. Daarnaast hebben essenti\u00eble oli\u00ebn een positieve invloed op de lever- en gal activiteit. Na het toedienen van Colosan heeft een paard vaak dorst, geef je paard de mogelijkheid om (liefst lauw) water te drinken. Colosan is samengesteld uit natuurlijke GMO-vrije grondstoffen.\u00a0<\/p>\n<h3>GEBRUIK VAN COLOSAN<\/h3>\n<p>Colosan wordt geleverd in een flesje met een doseerspuitje waarmee je het onverdund kunt toedienen. Hiermee kun je Colosan makkelijk in de mond spuiten. Indien nodig kan na 30 minuten tot 2 uur na de eerste dosering nog een dosering Colosan gegeven worden.<\/p>\n<table border=\"0\" width=\"334\" cellspacing=\"0\" cellpadding=\"0\">\n<tbody>\n<tr>\n<td width=\"156\" height=\"19\"><strong>Dier<\/strong><\/td>\n<td width=\"178\"><strong>Dosering oraal<\/strong><\/td>\n<\/tr>\n<tr>\n<td height=\"19\">Paard en koe<\/td>\n<td width=\"178\">15 ml<\/td>\n<\/tr>\n<tr>\n<td height=\"19\">Pony, veulen, kalf, schaap, geit en varken<\/td>\n<td width=\"178\">4 &#8211; 8 ml<\/td>\n<\/tr>\n<\/tbody>\n<\/table>\n<p>Na openen beperkt houdbaar (6 maanden), mits\u00a0bewaard op een droge en donkere plek.<\/p>\n<p><em>Eenmalige toediening (0,3ml\/10kg).<\/em><br \/>De 500 ml verpakking wordt vaak toegepast in de veehouderij bij gasophopingen, oplopen van de pens (tympanie) en trommelzucht.<\/p>\n<h3>ONDERSTEUNING NA KOLIEK<\/h3>\n<p>Wist je dat je na de toediening van Colosan de darmen extra kunt ondersteunen met\u00a0<a href=\"https:\/\/magento.vitalstyle.nl\/paard-darmbalans\">DarmBalans<\/a>? Na koliek is de weerstand van je paard lager dan normaal. Ook stress heeft invloed op de weerstand. Door het maag- en darmkanaal zo snel mogelijk weer in balans te brengen wordt je paard snel weer de oude. DarmBalans heeft niet alleen een positieve werking op het maagdarmkanaal, je paard voelt zich echt fit door de activering van het gehele metabolisme.\u00a0Meer weten over koliek bij paarden? Lees ons blog\u00a0<a href=\"https:\/\/www.vitalstyle.nl\/paard\/extra-ondersteuning\/koliek\" target=\"_blank\" rel=\"noreferrer noopener\">Koliek bij paarden<\/a>.\u00a0<\/p>\n<p><\/p>\n","protected":false},"excerpt":{"rendered":"<p>ALLES OVER COLOSAN COLOSAN GEEFT DIRECT VERLICHTING BIJ KOLIEK EN GASOPHOPING Heb je het vermoeden dat je paard koliek heeft? Geef Colosan van VITALstyle zodat je paard verlichting heeft en schakel je dierenarts in. COLOSAN: KRAMPSTILLEND EN GASAFDRIJVEND De natuurlijke werkzame stoffen in VITALstyle Colosan be\u00efnvloeden de spijsvertering op vele manieren. Zo verhelpen de essenti\u00eble&#8230;<\/p>\n<p class=\"more-link\"><a href=\"https:\/\/www.deruiterzolder.nl\/?product=colosan-darmolie100ml\"><span>Read More<\/span><i>&#43;<\/i><\/a><\/p>\n","protected":false},"featured_media":7589,"comment_status":"open","ping_status":"closed","template":"","product_category":[16,169,155],"product_tag":[],"class_list":["post-7592","product","type-product","status-publish","has-post-thumbnail","hentry","product_category-paard","product_category-vitalstyle","product_category-voedingssuplementen"],"_links":{"self":[{"href":"https:\/\/www.deruiterzolder.nl\/index.php?rest_route=\/wp\/v2\/product\/7592","targetHints":{"allow":["GET"]}}],"collection":[{"href":"https:\/\/www.deruiterzolder.nl\/index.php?rest_route=\/wp\/v2\/product"}],"about":[{"href":"https:\/\/www.deruiterzolder.nl\/index.php?rest_route=\/wp\/v2\/types\/product"}],"replies":[{"embeddable":true,"href":"https:\/\/www.deruiterzolder.nl\/index.php?rest_route=%2Fwp%2Fv2%2Fcomments&post=7592"}],"version-history":[{"count":3,"href":"https:\/\/www.deruiterzolder.nl\/index.php?rest_route=\/wp\/v2\/product\/7592\/revisions"}],"predecessor-version":[{"id":8127,"href":"https:\/\/www.deruiterzolder.nl\/index.php?rest_route=\/wp\/v2\/product\/7592\/revisions\/8127"}],"wp:featuredmedia":[{"embeddable":true,"href":"https:\/\/www.deruiterzolder.nl\/index.php?rest_route=\/wp\/v2\/media\/7589"}],"wp:attachment":[{"href":"https:\/\/www.deruiterzolder.nl\/index.php?rest_route=%2Fwp%2Fv2%2Fmedia&parent=7592"}],"wp:term":[{"taxonomy":"product_category","embeddable":true,"href":"https:\/\/www.deruiterzolder.nl\/index.php?rest_route=%2Fwp%2Fv2%2Fproduct_category&post=7592"},{"taxonomy":"product_tag","embeddable":true,"href":"https:\/\/www.deruiterzolder.nl\/index.php?rest_route=%2Fwp%2Fv2%2Fproduct_tag&post=7592"}],"curies":[{"name":"wp","href":"https:\/\/api.w.org\/{rel}","templated":true}]}}